{"id":262,"date":"2020-11-13T20:13:19","date_gmt":"2020-11-13T19:13:19","guid":{"rendered":"http:\/\/www.autoumyvarenzilina.sk\/?page_id=195"},"modified":"2021-01-06T19:44:10","modified_gmt":"2021-01-06T18:44:10","slug":"dobijeci-karta","status":"publish","type":"page","link":"https:\/\/penovyraj.sk\/cz\/dobijeci-karta\/","title":{"rendered":"Dob\u00edjec\u00ed karta"},"content":{"rendered":"\n<style type=\"text\/css\" data-created_by=\"avia_inline_auto\" id=\"style-css-av-34dbdi-5d20da3443886dd85cfff021e3c77217\">\n.avia-section.av-34dbdi-5d20da3443886dd85cfff021e3c77217{\nbackground-color:#f7f7f7;\nbackground-image:unset;\n}\n.avia-section.av-34dbdi-5d20da3443886dd85cfff021e3c77217 .av-extra-border-element .av-extra-border-inner{\nbackground-color:#f7f7f7;\n}\n<\/style>\n<div id='av_section_1'  class='avia-section av-34dbdi-5d20da3443886dd85cfff021e3c77217 alternate_color avia-section-default avia-no-border-styling  avia-builder-el-0  el_before_av_section  avia-builder-el-first  avia-bg-style-scroll av-arrow-down-section container_wrap fullsize'  ><div class='container av-section-cont-open' ><main  role=\"main\" itemprop=\"mainContentOfPage\"  class='template-page content  av-content-full alpha units'><div class='post-entry post-entry-type-page post-entry-262'><div class='entry-content-wrapper clearfix'>\n\n<style type=\"text\/css\" data-created_by=\"avia_inline_auto\" id=\"style-css-av-av_heading-3a2558a709093b49d239821a4f5b985b\">\n#top .av-special-heading.av-av_heading-3a2558a709093b49d239821a4f5b985b{\npadding-bottom:0;\n}\nbody .av-special-heading.av-av_heading-3a2558a709093b49d239821a4f5b985b .av-special-heading-tag .heading-char{\nfont-size:25px;\n}\n.av-special-heading.av-av_heading-3a2558a709093b49d239821a4f5b985b .av-subheading{\nfont-size:15px;\n}\n<\/style>\n<div  class='av-special-heading av-av_heading-3a2558a709093b49d239821a4f5b985b av-special-heading-h2 blockquote modern-quote modern-centered  avia-builder-el-1  el_before_av_hr  avia-builder-el-first '><h2 class='av-special-heading-tag '  itemprop=\"headline\"  >DOB\u00cdJEC\u00cd KARTA <\/h2><div class=\"special-heading-border\"><div class=\"special-heading-inner-border\"><\/div><\/div><\/div>\n\n<style type=\"text\/css\" data-created_by=\"avia_inline_auto\" id=\"style-css-av-2t0sl2-0be9f25b4c8ebd8239269be026d1dd0b\">\n#top .hr.av-2t0sl2-0be9f25b4c8ebd8239269be026d1dd0b{\nmargin-top:20px;\nmargin-bottom:40px;\n}\n.hr.av-2t0sl2-0be9f25b4c8ebd8239269be026d1dd0b .hr-inner{\nwidth:100px;\nborder-color:#999999;\n}\n<\/style>\n<div  class='hr av-2t0sl2-0be9f25b4c8ebd8239269be026d1dd0b hr-custom  avia-builder-el-2  el_after_av_heading  el_before_av_one_third  hr-center hr-icon-no'><span class='hr-inner inner-border-av-border-thin'><span class=\"hr-inner-style\"><\/span><\/span><\/div>\n\n<style type=\"text\/css\" data-created_by=\"avia_inline_auto\" id=\"style-css-av-2ies9q-babab25d6c0dcd63d1a545f5d9cd2dcb\">\n.flex_column.av-2ies9q-babab25d6c0dcd63d1a545f5d9cd2dcb{\nborder-radius:10px 10px 10px 10px;\npadding:20px 20px 20px 20px;\nbackground-color:#ffffff;\n}\n<\/style>\n<div  class='flex_column av-2ies9q-babab25d6c0dcd63d1a545f5d9cd2dcb av_one_third  avia-builder-el-3  el_after_av_hr  el_before_av_one_third  first flex_column_div  '     ><section  class='av_textblock_section av-2cgx72-2618e1e6d873d436b15524c0dd0e7384 '   itemscope=\"itemscope\" itemtype=\"https:\/\/schema.org\/CreativeWork\" ><div class='avia_textblock'  itemprop=\"text\" ><p><a href=\"http:\/\/penovyraj.sk\/novy-zakaznik\/\"><strong>NOV\u00dd Z\u00c1KAZN\u00cdK:<\/strong><\/a><\/p>\n<ol>\n<li><span class=\"tlid-translation translation\" lang=\"cs\"><span title=\"\">Vypln\u00ed formul\u00e1\u0159<\/span> <span title=\"\">(<\/span><span title=\"\">NOV\u00dd<\/span> <span title=\"\">Z\u00c1KAZN\u00cdK<\/span><span title=\"\">)<\/span> <span title=\"\">na<\/span> <span title=\"\">t\u00e9to str\u00e1nce<\/span> <span title=\"\">n\u00ed\u017ee<\/span><br \/>\n<\/span><\/li>\n<li><span class=\"tlid-translation translation\" lang=\"cs\"><span title=\"\">Po odesl\u00e1n\u00ed formul\u00e1\u0159e<\/span> <span title=\"\">vystav\u00edme<\/span> <span title=\"\">p\u0159edfakturu<\/span> <span title=\"\">na<\/span> <span title=\"\">\u00fahradu<\/span><br \/>\n<\/span><\/li>\n<li><span class=\"tlid-translation translation\" lang=\"cs\"><span title=\"\">Po p\u0159ijet\u00ed<\/span> <span title=\"\">platby<\/span> <span title=\"\">ode\u0161leme<\/span> <span title=\"\">nabitou<\/span> <span title=\"\">kartu<\/span> <span title=\"\">spolu<\/span> <span title=\"\">s<\/span> <span title=\"\">fakturou<\/span> <span title=\"\">na<\/span> <span title=\"\">adresu<\/span> <span class=\"\" title=\"\">spole\u010dnosti<\/span><\/span><\/li>\n<\/ol>\n<\/div><\/section><\/div>\n<style type=\"text\/css\" data-created_by=\"avia_inline_auto\" id=\"style-css-av-29mj8m-568e2a9a0afb5572b10179711ac9d0c8\">\n.flex_column.av-29mj8m-568e2a9a0afb5572b10179711ac9d0c8{\nborder-radius:10px 10px 10px 10px;\npadding:20px 20px 20px 20px;\nbackground-color:#ffffff;\n}\n<\/style>\n<div  class='flex_column av-29mj8m-568e2a9a0afb5572b10179711ac9d0c8 av_one_third  avia-builder-el-5  el_after_av_one_third  el_before_av_one_third  flex_column_div  '     ><section  class='av_textblock_section av-7j1x2-aa6c477ba226255ce80c27d0f8dfbe48 '   itemscope=\"itemscope\" itemtype=\"https:\/\/schema.org\/CreativeWork\" ><div class='avia_textblock'  itemprop=\"text\" ><p><a href=\"http:\/\/penovyraj.cz\/stavajici-zakaznik\/\"><strong>ST\u00c1VAJ\u00cdC\u00cd Z\u00c1KAZN\u00cdK:<\/strong><\/a><\/p>\n<ol>\n<li><span class=\"tlid-translation translation\" lang=\"cs\"><span title=\"\">Vypln\u00ed formul\u00e1\u0159<\/span> <span title=\"\">(<\/span><span title=\"\">ST\u00c1VAJ\u00cdC\u00cd<\/span> <span title=\"\">Z\u00c1KAZN\u00cdK<\/span><span title=\"\">)<\/span> <span title=\"\">na<\/span> <span title=\"\">t\u00e9to str\u00e1nce<\/span> <span title=\"\">spolu<\/span> <span title=\"\">s \u010d\u00edslem<\/span> <span title=\"\">doporu\u010den\u00e9 z\u00e1silky<\/span><span title=\"\">, ve kter\u00e9<\/span> <span title=\"\">zas\u00edl\u00e1<\/span> <span title=\"\">karty<\/span> <span title=\"\">na<\/span> <span title=\"\">dobit\u00ed<\/span><br \/>\n<\/span><\/li>\n<li><span class=\"tlid-translation translation\" lang=\"cs\"><span title=\"\">Po<\/span> <span title=\"\">odesl\u00e1n\u00ed formul\u00e1\u0159e<\/span> <span title=\"\">a<\/span> <span title=\"\">fyzick\u00e9m<\/span> <span title=\"\">obdr\u017een\u00ed<\/span> <span title=\"\">V\u00e1mi<\/span> <span title=\"\">zaslan\u00e9<\/span> <span title=\"\">karty<\/span> <span title=\"\">vystav\u00edme<\/span> <span title=\"\">p\u0159edfakturu<\/span> <span title=\"\">na<\/span> <span title=\"\">\u00fahradu<\/span><br \/>\n<\/span><\/li>\n<li><span class=\"tlid-translation translation\" lang=\"cs\"><span title=\"\">Po p\u0159ijet\u00ed<\/span> <span title=\"\">platby<\/span> <span title=\"\">ode\u0161leme<\/span> <span title=\"\">nabitou<\/span> <span title=\"\">kartu<\/span> <span title=\"\">spolu<\/span> <span title=\"\">s<\/span> <span title=\"\">fakturou<\/span> <span title=\"\">na<\/span> <span title=\"\">adresu<\/span> <span class=\"\" title=\"\">spole\u010dnosti<\/span><\/span><\/li>\n<\/ol>\n<\/div><\/section><\/div>\n<style type=\"text\/css\" data-created_by=\"avia_inline_auto\" id=\"style-css-av-1yn1l2-c070b59c87c8cdfc876338caf87ad958\">\n.flex_column.av-1yn1l2-c070b59c87c8cdfc876338caf87ad958{\nborder-radius:10px 10px 10px 10px;\npadding:20px 20px 20px 20px;\nbackground-color:#ffffff;\n}\n<\/style>\n<div  class='flex_column av-1yn1l2-c070b59c87c8cdfc876338caf87ad958 av_one_third  avia-builder-el-7  el_after_av_one_third  el_before_av_hr  flex_column_div  '     ><section  class='av_textblock_section av-1rd4km-86b64dfda27d9839af63d1470565c6b0 '   itemscope=\"itemscope\" itemtype=\"https:\/\/schema.org\/CreativeWork\" ><div class='avia_textblock'  itemprop=\"text\" ><p><strong>CEN\u00cdK:<\/strong><\/p>\n<ol>\n<li>Vyd\u00e1n\u00ed nov\u00e9 karty v cen\u011b 80,- K\u010d s DPH<\/li>\n<li>Minim\u00e1ln\u00ed nabit\u00ed kreditu na jedn\u00e9 kart\u011b je 700,- K\u010d s DPH<\/li>\n<\/ol>\n<\/div><\/section><\/div>\n<style type=\"text\/css\" data-created_by=\"avia_inline_auto\" id=\"style-css-av-kzlq-670f7543125263a1972f99c49659e8bd\">\n#top .hr.hr-invisible.av-kzlq-670f7543125263a1972f99c49659e8bd{\nheight:30px;\n}\n<\/style>\n<div  class='hr av-kzlq-670f7543125263a1972f99c49659e8bd hr-invisible  avia-builder-el-9  el_after_av_one_third  el_before_av_textblock '><span class='hr-inner '><span class=\"hr-inner-style\"><\/span><\/span><\/div>\n<section  class='av_textblock_section av-1clzfi-43c2b233248aeb35d69cac7355c50f37 '   itemscope=\"itemscope\" itemtype=\"https:\/\/schema.org\/CreativeWork\" ><div class='avia_textblock'  itemprop=\"text\" ><div style=\"text-align: center;\"><strong><span class=\"tlid-translation translation\" lang=\"cs\"><span title=\"\">ADRESA<\/span> <span title=\"\">PRO<\/span> <span title=\"\">ZASL\u00c1N\u00cd<\/span> <span title=\"\">KARET<\/span> <span class=\"\" title=\"\">ZP\u011aT<\/span> <span class=\"\" title=\"\">NA DOBIT\u00cd<\/span><\/span>: <\/strong>M&amp;S GLOBWASH, a.s., Komensk\u00e9ho 10D, 97401 Bansk\u00e1 Bystrica<\/div>\n<div><\/div>\n<\/div><\/section>\n<\/div><\/div><\/main><!-- close content main element --><\/div><div class='av-extra-border-element border-extra-arrow-down'><div class='av-extra-border-outer'><div class='av-extra-border-inner'><\/div><\/div><\/div><\/div>\n<style type=\"text\/css\" data-created_by=\"avia_inline_auto\" id=\"style-css-av-18pjvi-108bc18ac309f39b40bca77e87edd5aa\">\n.avia-section.av-18pjvi-108bc18ac309f39b40bca77e87edd5aa{\nbackground-color:#f5f5f5;\nbackground-image:unset;\n}\n<\/style>\n<div id='av_section_2'  class='avia-section av-18pjvi-108bc18ac309f39b40bca77e87edd5aa alternate_color avia-section-default avia-no-border-styling  avia-builder-el-11  el_after_av_section  avia-builder-el-last  avia-bg-style-scroll container_wrap fullsize'  ><div class='container av-section-cont-open' ><div class='template-page content  av-content-full alpha units'><div class='post-entry post-entry-type-page post-entry-262'><div class='entry-content-wrapper clearfix'>\n\n<style type=\"text\/css\" data-created_by=\"avia_inline_auto\" id=\"style-css-av-sq5i-c0f1d0d4985a0e3b7a087c9466bd2646\">\n#top .av-special-heading.av-sq5i-c0f1d0d4985a0e3b7a087c9466bd2646{\npadding-bottom:40px;\n}\nbody .av-special-heading.av-sq5i-c0f1d0d4985a0e3b7a087c9466bd2646 .av-special-heading-tag .heading-char{\nfont-size:25px;\n}\n.av-special-heading.av-sq5i-c0f1d0d4985a0e3b7a087c9466bd2646 .av-subheading{\nfont-size:15px;\n}\n<\/style>\n<div  class='av-special-heading av-sq5i-c0f1d0d4985a0e3b7a087c9466bd2646 av-special-heading-h2 blockquote modern-quote modern-centered  avia-builder-el-12  el_before_av_one_fourth  avia-builder-el-first '><h2 class='av-special-heading-tag '  itemprop=\"headline\"  >OBJEDN\u00c1VKOV\u00dd FORMUL\u00c1\u0158<\/h2><div class=\"special-heading-border\"><div class=\"special-heading-inner-border\"><\/div><\/div><\/div>\n\n<style type=\"text\/css\" data-created_by=\"avia_inline_auto\" id=\"style-css-av-wjceu-7572af2e76f89b6dc3bdac5d795fc159\">\n.flex_column.av-wjceu-7572af2e76f89b6dc3bdac5d795fc159{\nborder-radius:0px 0px 0px 0px;\npadding:0px 0px 0px 0px;\n}\n<\/style>\n<div  class='flex_column av-wjceu-7572af2e76f89b6dc3bdac5d795fc159 av_one_fourth  avia-builder-el-13  el_after_av_heading  el_before_av_one_fourth  first flex_column_div av-zero-column-padding  '     ><\/div>\n<style type=\"text\/css\" data-created_by=\"avia_inline_auto\" id=\"style-css-av-s2912-7e9ce817009766c5e1446c6c97528795\">\n.flex_column.av-s2912-7e9ce817009766c5e1446c6c97528795{\nborder-radius:0px 0px 0px 0px;\npadding:0px 0px 0px 0px;\n}\n<\/style>\n<div  class='flex_column av-s2912-7e9ce817009766c5e1446c6c97528795 av_one_fourth  avia-builder-el-14  el_after_av_one_fourth  el_before_av_one_fourth  flex_column_div av-zero-column-padding  '     ><div  class='avia-button-wrap avia-button-center  avia-builder-el-15  avia-builder-el-no-sibling '>\n<style type=\"text\/css\" data-created_by=\"avia_inline_auto\" id=\"style-css-av-ip7ji-87fed76f689de580caab5a2c409c1ebf\">\n#top #wrap_all .avia-button.av-ip7ji-87fed76f689de580caab5a2c409c1ebf{\nbackground-color:#6fbf4a;\nborder-color:#6fbf4a;\ncolor:#ffffff;\ntransition:all 0.4s ease-in-out;\n}\n#top #wrap_all .avia-button.av-ip7ji-87fed76f689de580caab5a2c409c1ebf:hover{\nbackground-color:#b02b2c;\ncolor:#ffffff;\ntransition:all 0.4s ease-in-out;\n}\n#top #wrap_all .avia-button.av-ip7ji-87fed76f689de580caab5a2c409c1ebf .avia-svg-icon svg:first-child{\nfill:#ffffff;\nstroke:#ffffff;\n}\n#top #wrap_all .avia-button.av-ip7ji-87fed76f689de580caab5a2c409c1ebf:hover .avia-svg-icon svg:first-child{\nfill:#ffffff;\nstroke:#ffffff;\n}\n<\/style>\n<a href='https:\/\/penovyraj.sk\/cz\/stavajici-zakaznik\/' class='avia-button avia-button-fullwidth av-ip7ji-87fed76f689de580caab5a2c409c1ebf avia-icon_select-no avia-color-custom'   aria-label=\"ST\u00c1VAJ\u00cdC\u00cd&lt;br \/&gt;\nZ\u00c1KAZN\u00cdK\"><span class='avia_iconbox_title' >ST\u00c1VAJ\u00cdC\u00cd<br \/>\nZ\u00c1KAZN\u00cdK<\/span><\/a><\/div><\/div>\n<style type=\"text\/css\" data-created_by=\"avia_inline_auto\" id=\"style-css-av-cogau-49de5a18d94f8e12ce7ffe1a8c533825\">\n.flex_column.av-cogau-49de5a18d94f8e12ce7ffe1a8c533825{\nborder-radius:0px 0px 0px 0px;\npadding:0px 0px 0px 0px;\n}\n<\/style>\n<div  class='flex_column av-cogau-49de5a18d94f8e12ce7ffe1a8c533825 av_one_fourth  avia-builder-el-16  el_after_av_one_fourth  avia-builder-el-last  flex_column_div av-zero-column-padding  '     ><div  class='avia-button-wrap avia-button-center  avia-builder-el-17  avia-builder-el-no-sibling '>\n<style type=\"text\/css\" data-created_by=\"avia_inline_auto\" id=\"style-css-av-a11vy-55aeb806ba22cd8c99ccb33466528577\">\n#top #wrap_all .avia-button.av-a11vy-55aeb806ba22cd8c99ccb33466528577{\nbackground-color:#6fbf4a;\nborder-color:#6fbf4a;\ncolor:#ffffff;\ntransition:all 0.4s ease-in-out;\n}\n#top #wrap_all .avia-button.av-a11vy-55aeb806ba22cd8c99ccb33466528577:hover{\nbackground-color:#b02b2c;\ncolor:#ffffff;\ntransition:all 0.4s ease-in-out;\n}\n#top #wrap_all .avia-button.av-a11vy-55aeb806ba22cd8c99ccb33466528577 .avia-svg-icon svg:first-child{\nfill:#ffffff;\nstroke:#ffffff;\n}\n#top #wrap_all .avia-button.av-a11vy-55aeb806ba22cd8c99ccb33466528577:hover .avia-svg-icon svg:first-child{\nfill:#ffffff;\nstroke:#ffffff;\n}\n<\/style>\n<a href='https:\/\/penovyraj.sk\/cz\/novy-zakaznik\/' class='avia-button avia-button-fullwidth av-a11vy-55aeb806ba22cd8c99ccb33466528577 avia-icon_select-no avia-color-custom'   aria-label=\"NOV\u00dd&lt;br \/&gt;\nZ\u00c1KAZN\u00cdK\"><span class='avia_iconbox_title' >NOV\u00dd<br \/>\nZ\u00c1KAZN\u00cdK<\/span><\/a><\/div><\/div>\n<\/p>\n","protected":false},"excerpt":{"rendered":"","protected":false},"author":1,"featured_media":0,"parent":0,"menu_order":0,"comment_status":"closed","ping_status":"closed","template":"","meta":{"footnotes":""},"class_list":["post-262","page","type-page","status-publish","hentry"],"yoast_head":"<!-- This site is optimized with the Yoast SEO plugin v27.1.1 - https:\/\/yoast.com\/product\/yoast-seo-wordpress\/ -->\n<title>Dob\u00edjec\u00ed karta - P\u011bnov\u00fd r\u00e1j<\/title>\n<meta name=\"robots\" content=\"index, follow, max-snippet:-1, max-image-preview:large, max-video-preview:-1\" \/>\n<link rel=\"canonical\" href=\"https:\/\/penovyraj.sk\/cz\/dobijeci-karta\/\" \/>\n<meta property=\"og:locale\" content=\"cs_CZ\" \/>\n<meta property=\"og:type\" content=\"article\" \/>\n<meta property=\"og:title\" content=\"Dob\u00edjec\u00ed karta - P\u011bnov\u00fd r\u00e1j\" \/>\n<meta property=\"og:url\" content=\"https:\/\/penovyraj.sk\/cz\/dobijeci-karta\/\" \/>\n<meta property=\"og:site_name\" content=\"P\u011bnov\u00fd r\u00e1j\" \/>\n<meta property=\"article:publisher\" content=\"https:\/\/www.facebook.com\/penovyrajSLOVAK\/\" \/>\n<meta property=\"article:modified_time\" content=\"2021-01-06T18:44:10+00:00\" \/>\n<meta property=\"og:image\" content=\"https:\/\/penovyraj.sk\/cz\/wp-content\/uploads\/sites\/3\/2018\/01\/facebook.jpg\" \/>\n\t<meta property=\"og:image:width\" content=\"1200\" \/>\n\t<meta property=\"og:image:height\" content=\"628\" \/>\n\t<meta property=\"og:image:type\" content=\"image\/jpeg\" \/>\n<meta name=\"twitter:card\" content=\"summary_large_image\" \/>\n<meta name=\"twitter:label1\" content=\"Odhadovan\u00e1 doba \u010dten\u00ed\" \/>\n\t<meta name=\"twitter:data1\" content=\"6 minut\" \/>\n<script type=\"application\/ld+json\" class=\"yoast-schema-graph\">{\"@context\":\"https:\/\/schema.org\",\"@graph\":[{\"@type\":\"WebPage\",\"@id\":\"https:\/\/penovyraj.sk\/cz\/dobijeci-karta\/\",\"url\":\"https:\/\/penovyraj.sk\/cz\/dobijeci-karta\/\",\"name\":\"Dob\u00edjec\u00ed karta - P\u011bnov\u00fd r\u00e1j\",\"isPartOf\":{\"@id\":\"https:\/\/penovyraj.sk\/cz\/#website\"},\"datePublished\":\"2020-11-13T19:13:19+00:00\",\"dateModified\":\"2021-01-06T18:44:10+00:00\",\"breadcrumb\":{\"@id\":\"https:\/\/penovyraj.sk\/cz\/dobijeci-karta\/#breadcrumb\"},\"inLanguage\":\"cs\",\"potentialAction\":[{\"@type\":\"ReadAction\",\"target\":[\"https:\/\/penovyraj.sk\/cz\/dobijeci-karta\/\"]}]},{\"@type\":\"BreadcrumbList\",\"@id\":\"https:\/\/penovyraj.sk\/cz\/dobijeci-karta\/#breadcrumb\",\"itemListElement\":[{\"@type\":\"ListItem\",\"position\":1,\"name\":\"Home\",\"item\":\"https:\/\/penovyraj.sk\/cz\/\"},{\"@type\":\"ListItem\",\"position\":2,\"name\":\"Dob\u00edjec\u00ed karta\"}]},{\"@type\":\"WebSite\",\"@id\":\"https:\/\/penovyraj.sk\/cz\/#website\",\"url\":\"https:\/\/penovyraj.sk\/cz\/\",\"name\":\"P\u011bnov\u00fd r\u00e1j\",\"description\":\"samoobslu\u017en\u00ed mic\u00ed linka\",\"potentialAction\":[{\"@type\":\"SearchAction\",\"target\":{\"@type\":\"EntryPoint\",\"urlTemplate\":\"https:\/\/penovyraj.sk\/cz\/?s={search_term_string}\"},\"query-input\":{\"@type\":\"PropertyValueSpecification\",\"valueRequired\":true,\"valueName\":\"search_term_string\"}}],\"inLanguage\":\"cs\"}]}<\/script>\n<!-- \/ Yoast SEO plugin. -->","yoast_head_json":{"title":"Dob\u00edjec\u00ed karta - P\u011bnov\u00fd r\u00e1j","robots":{"index":"index","follow":"follow","max-snippet":"max-snippet:-1","max-image-preview":"max-image-preview:large","max-video-preview":"max-video-preview:-1"},"canonical":"https:\/\/penovyraj.sk\/cz\/dobijeci-karta\/","og_locale":"cs_CZ","og_type":"article","og_title":"Dob\u00edjec\u00ed karta - P\u011bnov\u00fd r\u00e1j","og_url":"https:\/\/penovyraj.sk\/cz\/dobijeci-karta\/","og_site_name":"P\u011bnov\u00fd r\u00e1j","article_publisher":"https:\/\/www.facebook.com\/penovyrajSLOVAK\/","article_modified_time":"2021-01-06T18:44:10+00:00","og_image":[{"width":1200,"height":628,"url":"https:\/\/penovyraj.sk\/cz\/wp-content\/uploads\/sites\/3\/2018\/01\/facebook.jpg","type":"image\/jpeg"}],"twitter_card":"summary_large_image","twitter_misc":{"Odhadovan\u00e1 doba \u010dten\u00ed":"6 minut"},"schema":{"@context":"https:\/\/schema.org","@graph":[{"@type":"WebPage","@id":"https:\/\/penovyraj.sk\/cz\/dobijeci-karta\/","url":"https:\/\/penovyraj.sk\/cz\/dobijeci-karta\/","name":"Dob\u00edjec\u00ed karta - P\u011bnov\u00fd r\u00e1j","isPartOf":{"@id":"https:\/\/penovyraj.sk\/cz\/#website"},"datePublished":"2020-11-13T19:13:19+00:00","dateModified":"2021-01-06T18:44:10+00:00","breadcrumb":{"@id":"https:\/\/penovyraj.sk\/cz\/dobijeci-karta\/#breadcrumb"},"inLanguage":"cs","potentialAction":[{"@type":"ReadAction","target":["https:\/\/penovyraj.sk\/cz\/dobijeci-karta\/"]}]},{"@type":"BreadcrumbList","@id":"https:\/\/penovyraj.sk\/cz\/dobijeci-karta\/#breadcrumb","itemListElement":[{"@type":"ListItem","position":1,"name":"Home","item":"https:\/\/penovyraj.sk\/cz\/"},{"@type":"ListItem","position":2,"name":"Dob\u00edjec\u00ed karta"}]},{"@type":"WebSite","@id":"https:\/\/penovyraj.sk\/cz\/#website","url":"https:\/\/penovyraj.sk\/cz\/","name":"P\u011bnov\u00fd r\u00e1j","description":"samoobslu\u017en\u00ed mic\u00ed linka","potentialAction":[{"@type":"SearchAction","target":{"@type":"EntryPoint","urlTemplate":"https:\/\/penovyraj.sk\/cz\/?s={search_term_string}"},"query-input":{"@type":"PropertyValueSpecification","valueRequired":true,"valueName":"search_term_string"}}],"inLanguage":"cs"}]}},"_links":{"self":[{"href":"https:\/\/penovyraj.sk\/cz\/wp-json\/wp\/v2\/pages\/262","targetHints":{"allow":["GET"]}}],"collection":[{"href":"https:\/\/penovyraj.sk\/cz\/wp-json\/wp\/v2\/pages"}],"about":[{"href":"https:\/\/penovyraj.sk\/cz\/wp-json\/wp\/v2\/types\/page"}],"author":[{"embeddable":true,"href":"https:\/\/penovyraj.sk\/cz\/wp-json\/wp\/v2\/users\/1"}],"replies":[{"embeddable":true,"href":"https:\/\/penovyraj.sk\/cz\/wp-json\/wp\/v2\/comments?post=262"}],"version-history":[{"count":8,"href":"https:\/\/penovyraj.sk\/cz\/wp-json\/wp\/v2\/pages\/262\/revisions"}],"predecessor-version":[{"id":1101,"href":"https:\/\/penovyraj.sk\/cz\/wp-json\/wp\/v2\/pages\/262\/revisions\/1101"}],"wp:attachment":[{"href":"https:\/\/penovyraj.sk\/cz\/wp-json\/wp\/v2\/media?parent=262"}],"curies":[{"name":"wp","href":"https:\/\/api.w.org\/{rel}","templated":true}]}}