{"id":263,"date":"2020-11-14T23:55:22","date_gmt":"2020-11-14T22:55:22","guid":{"rendered":"http:\/\/www.autoumyvarenzilina.sk\/?page_id=262"},"modified":"2025-01-16T14:33:38","modified_gmt":"2025-01-16T13:33:38","slug":"novy-zakaznik","status":"publish","type":"page","link":"https:\/\/penovyraj.sk\/cz\/novy-zakaznik\/","title":{"rendered":"nov\u00fd z\u00e1kazn\u00edk"},"content":{"rendered":"\n<style type=\"text\/css\" data-created_by=\"avia_inline_auto\" id=\"style-css-av-61i4gn-6a36c7745791e3acd0048a7127219b04\">\n.avia-section.av-61i4gn-6a36c7745791e3acd0048a7127219b04{\nbackground-color:#f7f7f7;\nbackground-image:unset;\n}\n.avia-section.av-61i4gn-6a36c7745791e3acd0048a7127219b04 .av-extra-border-element .av-extra-border-inner{\nbackground-color:#f7f7f7;\n}\n<\/style>\n<div id='av_section_1'  class='avia-section av-61i4gn-6a36c7745791e3acd0048a7127219b04 alternate_color avia-section-small avia-no-border-styling  avia-builder-el-0  el_before_av_section  avia-builder-el-first  avia-bg-style-scroll av-arrow-down-section container_wrap fullsize'  ><div class='container av-section-cont-open' ><main  role=\"main\" itemprop=\"mainContentOfPage\"  class='template-page content  av-content-full alpha units'><div class='post-entry post-entry-type-page post-entry-263'><div class='entry-content-wrapper clearfix'>\n\n<style type=\"text\/css\" data-created_by=\"avia_inline_auto\" id=\"style-css-av-ki07yvu9-a8f9674268410f9f060c37d36bf0f1fd\">\n#top .av-special-heading.av-ki07yvu9-a8f9674268410f9f060c37d36bf0f1fd{\npadding-bottom:0;\n}\nbody .av-special-heading.av-ki07yvu9-a8f9674268410f9f060c37d36bf0f1fd .av-special-heading-tag .heading-char{\nfont-size:25px;\n}\n.av-special-heading.av-ki07yvu9-a8f9674268410f9f060c37d36bf0f1fd .av-subheading{\nfont-size:15px;\n}\n<\/style>\n<div  class='av-special-heading av-ki07yvu9-a8f9674268410f9f060c37d36bf0f1fd av-special-heading-h3 blockquote modern-quote modern-centered  avia-builder-el-1  avia-builder-el-no-sibling '><h3 class='av-special-heading-tag '  itemprop=\"headline\"  >OBJEDN\u00c1VKOV\u00dd FORMUL\u00c1\u0158 &#8211; NOV\u00dd Z\u00c1KAZN\u00cdK<\/h3><div class=\"special-heading-border\"><div class=\"special-heading-inner-border\"><\/div><\/div><\/div>\n\n<\/div><\/div><\/main><!-- close content main element --><\/div><div class='av-extra-border-element border-extra-arrow-down'><div class='av-extra-border-outer'><div class='av-extra-border-inner'><\/div><\/div><\/div><\/div>\n<style type=\"text\/css\" data-created_by=\"avia_inline_auto\" id=\"style-css-av-5o93mf-67aa62926b0f5b4921da5c50a6600ba1\">\n.avia-section.av-5o93mf-67aa62926b0f5b4921da5c50a6600ba1{\nbackground-color:#ffffff;\nbackground-image:unset;\n}\n<\/style>\n<div id='av_section_2'  class='avia-section av-5o93mf-67aa62926b0f5b4921da5c50a6600ba1 alternate_color avia-section-default avia-no-border-styling  avia-builder-el-2  el_after_av_section  avia-builder-el-last  avia-bg-style-scroll container_wrap fullsize'  ><div class='container av-section-cont-open' ><div class='template-page content  av-content-full alpha units'><div class='post-entry post-entry-type-page post-entry-263'><div class='entry-content-wrapper clearfix'>\n\n<style type=\"text\/css\" data-created_by=\"avia_inline_auto\" id=\"style-css-av-jvmjr-d0166baa8dae47468dd6c1b289db7bec\">\n.flex_column.av-jvmjr-d0166baa8dae47468dd6c1b289db7bec{\nborder-radius:0px 0px 0px 0px;\npadding:0px 0px 0px 0px;\n}\n<\/style>\n<div  class='flex_column av-jvmjr-d0166baa8dae47468dd6c1b289db7bec av_one_full  avia-builder-el-3  avia-builder-el-no-sibling  first flex_column_div av-zero-column-padding  '     ><form action=\"https:\/\/penovyraj.sk\/cz\/novy-zakaznik\/\" method=\"post\" data-fields-with-error=\"Found errors in the following field(s):\" class=\"avia_ajax_form av-form-labels-hidden   avia-builder-el-4  avia-builder-el-no-sibling   \" data-avia-form-id=\"1\" data-avia-redirect='' ><fieldset><div id='avia_1_1' class='av-form-text'><p>\n<strong>FAKTURA\u010cN\u00cd \u00daDAJE<\/strong><\/p>\n<\/div><p class='  first_form  form_element form_element_two_third' id='element_avia_2_1'><label for=\"avia_2_1\">N\u00e1zev spole\u010dnosti \/ Jm\u00e9no a p\u0159\u00edjmen\u00ed <abbr class=\"required\" title=\"required\">*<\/abbr><\/label> <input name=\"avia_2_1\" class=\"text_input is_empty\" type=\"text\" id=\"avia_2_1\" value=\"\"  placeholder='N\u00e1zev spole\u010dnosti \/ Jm\u00e9no a p\u0159\u00edjmen\u00ed*'\/><\/p><p class='  form_element form_element_third' id='element_avia_3_1'><label for=\"avia_3_1\">Ulice <abbr class=\"required\" title=\"required\">*<\/abbr><\/label> <input name=\"avia_3_1\" class=\"text_input is_empty\" type=\"text\" id=\"avia_3_1\" value=\"\"  placeholder='Ulice*'\/><\/p><p class='  first_form  form_element form_element_third' id='element_avia_4_1'><label for=\"avia_4_1\">M\u011bsto <abbr class=\"required\" title=\"required\">*<\/abbr><\/label> <input name=\"avia_4_1\" class=\"text_input is_empty\" type=\"text\" id=\"avia_4_1\" value=\"\"  placeholder='M\u011bsto*'\/><\/p><p class='  form_element form_element_third' id='element_avia_5_1'><label for=\"avia_5_1\">PS\u010c: <abbr class=\"required\" title=\"required\">*<\/abbr><\/label> <input name=\"avia_5_1\" class=\"text_input is_empty\" type=\"text\" id=\"avia_5_1\" value=\"\"  placeholder='PS\u010c:*'\/><\/p><p class='  form_element form_element_third' id='element_avia_6_1'><label for=\"avia_6_1\">I\u010cO<\/label> <input name=\"avia_6_1\" class=\"text_input \" type=\"text\" id=\"avia_6_1\" value=\"\"  placeholder='I\u010cO'\/><\/p><p class='  first_form  form_element form_element_third' id='element_avia_7_1'><label for=\"avia_7_1\">I\u010c DPH<\/label> <input name=\"avia_7_1\" class=\"text_input \" type=\"text\" id=\"avia_7_1\" value=\"\"  placeholder='I\u010c DPH'\/><\/p><p class='  form_element form_element_third' id='element_avia_8_1'><label for=\"avia_8_1\">E-Mail <abbr class=\"required\" title=\"required\">*<\/abbr><\/label> <input name=\"avia_8_1\" class=\"text_input is_email\" type=\"text\" id=\"avia_8_1\" value=\"\"  placeholder='E-Mail*'\/><\/p><p class='  form_element form_element_third' id='element_avia_9_1'><label for=\"avia_9_1\">Telefonn\u00ed \u010d\u00edslo <abbr class=\"required\" title=\"required\">*<\/abbr><\/label> <input name=\"avia_9_1\" class=\"text_input is_phone\" type=\"text\" id=\"avia_9_1\" value=\"\"  placeholder='Telefonn\u00ed \u010d\u00edslo*'\/><\/p><div id='avia_10_1' class='av-form-text'><div  class='hr av-2w2t8l-88380cf9e7c4b0ebe9d0498fdd08d041 hr-default  avia-builder-el-5  el_before_av_hr  avia-builder-el-first '><span class='hr-inner '><span class=\"hr-inner-style\"><\/span><\/span><\/div>\n<p><strong><span class=\"tlid-translation translation\" lang=\"cs\"><span title=\"\">\u00daDAJE<\/span> <span title=\"\">O<\/span> <span class=\"\" title=\"\">P\u0158\u00cdJEMCI<\/span><\/span><\/strong> (<span class=\"tlid-translation translation\" lang=\"cs\"><span title=\"\">nepovinn\u00e9<\/span> <span title=\"\">\u00fadaje<\/span> <span title=\"\">&#8211;<\/span> <span title=\"\">pokud<\/span> <span title=\"\">jsou stejn\u00e9 jako<\/span> <span class=\"\" title=\"\">faktura\u010dn\u00ed \u00fadaje<\/span><\/span>)<strong><br \/>\n<\/strong><\/p>\n<\/div><p class='  first_form  form_element form_element_third' id='element_avia_11_1'><label for=\"avia_11_1\">N\u00e1zev<\/label> <input name=\"avia_11_1\" class=\"text_input \" type=\"text\" id=\"avia_11_1\" value=\"\"  placeholder='N\u00e1zev'\/><\/p><p class='  form_element form_element_third' id='element_avia_12_1'><label for=\"avia_12_1\">Ulice<\/label> <input name=\"avia_12_1\" class=\"text_input \" type=\"text\" id=\"avia_12_1\" value=\"\"  placeholder='Ulice'\/><\/p><p class='  form_element form_element_third' id='element_avia_13_1'><label for=\"avia_13_1\">M\u011bsto<\/label> <input name=\"avia_13_1\" class=\"text_input \" type=\"text\" id=\"avia_13_1\" value=\"\"  placeholder='M\u011bsto'\/><\/p><p class='  first_form  form_element form_element_third' id='element_avia_14_1'><label for=\"avia_14_1\">PS\u010c<\/label> <input name=\"avia_14_1\" class=\"text_input \" type=\"text\" id=\"avia_14_1\" value=\"\"  placeholder='PS\u010c'\/><\/p><p class='  form_element form_element_third' id='element_avia_15_1'><label for=\"avia_15_1\">E-mail<\/label> <input name=\"avia_15_1\" class=\"text_input \" type=\"text\" id=\"avia_15_1\" value=\"\"  placeholder='E-mail'\/><\/p><p class='  form_element form_element_third' id='element_avia_16_1'><label for=\"avia_16_1\">Telefonn\u00ed \u010d\u00edslo<\/label> <input name=\"avia_16_1\" class=\"text_input \" type=\"text\" id=\"avia_16_1\" value=\"\"  placeholder='Telefonn\u00ed \u010d\u00edslo'\/><\/p><p class='  first_form  form_element form_fullwidth' id='element_avia_17_1'><label for=\"avia_17_1\" class=\"textare_label hidden textare_label_avia_17_1\">POZN\u00c1MKY (nepovinn\u00e9)<\/label><textarea  placeholder='POZN\u00c1MKY (nepovinn\u00e9)' name=\"avia_17_1\" class=\"text_area \" cols=\"40\" rows=\"7\" id=\"avia_17_1\" ><\/textarea><\/p><div id='avia_18_1' class='av-form-text'><div  class='hr av-1fl68d-8f622b295ff4beeb884122dbef4e1d29 hr-default  avia-builder-el-6  el_after_av_hr  avia-builder-el-last '><span class='hr-inner '><span class=\"hr-inner-style\"><\/span><\/span><\/div>\n<p><strong><span style=\"color: #ff0000;\"><span class=\"tlid-translation translation\" lang=\"cs\"><span class=\"\" title=\"\">AKCEPTUJEME<\/span> <span class=\"\" title=\"\">OBJEDN\u00c1VKY<\/span> <span title=\"\">V<\/span> <span title=\"\">CELKOV\u00c9<\/span> <span title=\"\">MINIM\u00c1LN\u00cd<\/span> <span title=\"\">V\u00dd\u0160I<\/span> <span title=\"\">700 <span id=\"M11_txtResult\">CZK<\/span><\/span><\/span><\/span><\/strong><\/p>\n<\/div><div id='avia_19_1' class='av-form-text'><p>\n<strong>PO\u017dADOVAN\u00c9 DOBIT\u00cd KREDITU<\/strong> (<span class=\"tlid-translation translation\" lang=\"cs\"><span title=\"\">povinn\u00fd<\/span> <span title=\"\">\u00fadaj<\/span> <span title=\"\">minim\u00e1ln\u011b 1<\/span> <span title=\"\">dob\u00edjec\u00ed<\/span> <span class=\"\" title=\"\">karta<\/span><\/span>)<\/p>\n<\/div><p class='  first_form  form_element form_element_fourth' id='element_avia_20_1'><label for=\"avia_20_1\">KARTA 1<\/label><select  name=\"avia_20_1\" class=\"select \" id=\"avia_20_1\"><option class=\"av-placeholder\" disabled=\"disabled\" selected=\"selected\" value=''>KARTA 1<\/option><option   value='700 K\u010d'>700 K\u010d<\/option><option   value='1000 K\u010d'>1000 K\u010d<\/option><option   value='1300 K\u010d'>1300 K\u010d<\/option><option   value='1500 K\u010d'>1500 K\u010d<\/option><option   value='2000 K\u010d'>2000 K\u010d<\/option><option   value='2500 K\u010d'>2500 K\u010d<\/option><option   value='3000 K\u010d'>3000 K\u010d<\/option><\/select><\/p><p class='  form_element form_element_fourth' id='element_avia_21_1'><label for=\"avia_21_1\">KARTA 2<\/label><select  name=\"avia_21_1\" class=\"select \" id=\"avia_21_1\"><option class=\"av-placeholder\" disabled=\"disabled\" selected=\"selected\" value=''>KARTA 2<\/option><option   value='700 K\u010d'>700 K\u010d<\/option><option   value='1000 K\u010d'>1000 K\u010d<\/option><option   value='1300 K\u010d'>1300 K\u010d<\/option><option   value='1500 K\u010d'>1500 K\u010d<\/option><option   value='2000 K\u010d'>2000 K\u010d<\/option><option   value='2500 K\u010d'>2500 K\u010d<\/option><option   value='3000 K\u010d'>3000 K\u010d<\/option><\/select><\/p><p class='  form_element form_element_fourth' id='element_avia_22_1'><label for=\"avia_22_1\">KARTA 3<\/label><select  name=\"avia_22_1\" class=\"select \" id=\"avia_22_1\"><option class=\"av-placeholder\" disabled=\"disabled\" selected=\"selected\" value=''>KARTA 3<\/option><option   value='700 K\u010d'>700 K\u010d<\/option><option   value='1000 K\u010d'>1000 K\u010d<\/option><option   value='1300 K\u010d'>1300 K\u010d<\/option><option   value='1500 K\u010d'>1500 K\u010d<\/option><option   value='2000 K\u010d'>2000 K\u010d<\/option><option   value='2500 K\u010d'>2500 K\u010d<\/option><option   value='3000 K\u010d'>3000 K\u010d<\/option><\/select><\/p><p class='  form_element form_element_fourth' id='element_avia_23_1'><label for=\"avia_23_1\">KARTA 4<\/label><select  name=\"avia_23_1\" class=\"select \" id=\"avia_23_1\"><option class=\"av-placeholder\" disabled=\"disabled\" selected=\"selected\" value=''>KARTA 4<\/option><option   value='700 K\u010d'>700 K\u010d<\/option><option   value='1000 K\u010d'>1000 K\u010d<\/option><option   value='1300 K\u010d'>1300 K\u010d<\/option><option   value='1500 K\u010d'>1500 K\u010d<\/option><option   value='2000 K\u010d'>2000 K\u010d<\/option><option   value='2500 K\u010d'>2500 K\u010d<\/option><option   value='3000 K\u010d'>3000 K\u010d<\/option><\/select><\/p><p class='  first_form  form_element form_element_fourth' id='element_avia_24_1'><label for=\"avia_24_1\">KARTA 5<\/label><select  name=\"avia_24_1\" class=\"select \" id=\"avia_24_1\"><option class=\"av-placeholder\" disabled=\"disabled\" selected=\"selected\" value=''>KARTA 5<\/option><option   value='700 K\u010d'>700 K\u010d<\/option><option   value='1000 K\u010d'>1000 K\u010d<\/option><option   value='1300 K\u010d'>1300 K\u010d<\/option><option   value='1500 K\u010d'>1500 K\u010d<\/option><option   value='2000 K\u010d'>2000 K\u010d<\/option><option   value='2500 K\u010d'>2500 K\u010d<\/option><option   value='3000 K\u010d'>3000 K\u010d<\/option><\/select><\/p><p class='  form_element form_element_half' id='element_avia_25_1'><label for=\"avia_25_1\">Datum objedn\u00e1n\u00ed <abbr class=\"required\" title=\"required\">*<\/abbr><\/label> <input name=\"avia_25_1\" class=\"text_input is_empty\" type=\"text\" id=\"avia_25_1\" value=\"\"  placeholder='Datum objedn\u00e1n\u00ed*'\/><\/p><p class=\"hidden\"><input type=\"text\" name=\"avia_26_1\" class=\"hidden \" id=\"avia_26_1\" value=\"\" \/><\/p><p class=' av_form_privacy_check av_contact_privacy_check first_form  form_element form_fullwidth' id='element_avia_27_1'><input  name=\"avia_27_1\" class=\"input_checkbox is_empty\" type=\"checkbox\" id=\"avia_27_1\" value=\"true\"\/><label class=\"input_checkbox_label\" for=\"avia_27_1\">Jsem obezn\u00e1men \/ \u00e1 s <a href=\"https:\/\/penovyraj.sk\/ochrana-osobnych-udajov-gdpr\/\">podm\u00ednkami ochrany osobn\u00edch \u00fadaj\u016f<\/a> <abbr class=\"required\" title=\"required\">*<\/abbr><\/label><\/p><p class=\"form_element \"><input type=\"hidden\" value=\"1\" name=\"avia_generated_form1\" \/><input type=\"submit\" value=\"ODESLAT\" class=\"button\"  data-sending-label=\"Sending\"\/><\/p><\/fieldset><\/form><div id=\"ajaxresponse_1\" class=\"ajaxresponse ajaxresponse_1 hidden\"><\/div><\/div>\n","protected":false},"excerpt":{"rendered":"","protected":false},"author":1,"featured_media":0,"parent":0,"menu_order":0,"comment_status":"closed","ping_status":"closed","template":"","meta":{"footnotes":""},"class_list":["post-263","page","type-page","status-publish","hentry"],"yoast_head":"<!-- This site is optimized with the Yoast SEO plugin v27.1.1 - https:\/\/yoast.com\/product\/yoast-seo-wordpress\/ -->\n<title>nov\u00fd z\u00e1kazn\u00edk - P\u011bnov\u00fd r\u00e1j<\/title>\n<meta name=\"robots\" content=\"index, follow, max-snippet:-1, max-image-preview:large, max-video-preview:-1\" \/>\n<link rel=\"canonical\" href=\"https:\/\/penovyraj.sk\/cz\/novy-zakaznik\/\" \/>\n<meta property=\"og:locale\" content=\"cs_CZ\" \/>\n<meta property=\"og:type\" content=\"article\" \/>\n<meta property=\"og:title\" content=\"nov\u00fd z\u00e1kazn\u00edk - P\u011bnov\u00fd r\u00e1j\" \/>\n<meta property=\"og:url\" content=\"https:\/\/penovyraj.sk\/cz\/novy-zakaznik\/\" \/>\n<meta property=\"og:site_name\" content=\"P\u011bnov\u00fd r\u00e1j\" \/>\n<meta property=\"article:publisher\" content=\"https:\/\/www.facebook.com\/penovyrajSLOVAK\/\" \/>\n<meta property=\"article:modified_time\" content=\"2025-01-16T13:33:38+00:00\" \/>\n<meta property=\"og:image\" content=\"https:\/\/penovyraj.sk\/cz\/wp-content\/uploads\/sites\/3\/2018\/01\/facebook.jpg\" \/>\n\t<meta property=\"og:image:width\" content=\"1200\" \/>\n\t<meta property=\"og:image:height\" content=\"628\" \/>\n\t<meta property=\"og:image:type\" content=\"image\/jpeg\" \/>\n<meta name=\"twitter:card\" content=\"summary_large_image\" \/>\n<meta name=\"twitter:label1\" content=\"Odhadovan\u00e1 doba \u010dten\u00ed\" \/>\n\t<meta name=\"twitter:data1\" content=\"1 minuta\" \/>\n<script type=\"application\/ld+json\" class=\"yoast-schema-graph\">{\"@context\":\"https:\/\/schema.org\",\"@graph\":[{\"@type\":\"WebPage\",\"@id\":\"https:\/\/penovyraj.sk\/cz\/novy-zakaznik\/\",\"url\":\"https:\/\/penovyraj.sk\/cz\/novy-zakaznik\/\",\"name\":\"nov\u00fd z\u00e1kazn\u00edk - P\u011bnov\u00fd r\u00e1j\",\"isPartOf\":{\"@id\":\"https:\/\/penovyraj.sk\/cz\/#website\"},\"datePublished\":\"2020-11-14T22:55:22+00:00\",\"dateModified\":\"2025-01-16T13:33:38+00:00\",\"breadcrumb\":{\"@id\":\"https:\/\/penovyraj.sk\/cz\/novy-zakaznik\/#breadcrumb\"},\"inLanguage\":\"cs\",\"potentialAction\":[{\"@type\":\"ReadAction\",\"target\":[\"https:\/\/penovyraj.sk\/cz\/novy-zakaznik\/\"]}]},{\"@type\":\"BreadcrumbList\",\"@id\":\"https:\/\/penovyraj.sk\/cz\/novy-zakaznik\/#breadcrumb\",\"itemListElement\":[{\"@type\":\"ListItem\",\"position\":1,\"name\":\"Home\",\"item\":\"https:\/\/penovyraj.sk\/cz\/\"},{\"@type\":\"ListItem\",\"position\":2,\"name\":\"nov\u00fd z\u00e1kazn\u00edk\"}]},{\"@type\":\"WebSite\",\"@id\":\"https:\/\/penovyraj.sk\/cz\/#website\",\"url\":\"https:\/\/penovyraj.sk\/cz\/\",\"name\":\"P\u011bnov\u00fd r\u00e1j\",\"description\":\"samoobslu\u017en\u00ed mic\u00ed linka\",\"potentialAction\":[{\"@type\":\"SearchAction\",\"target\":{\"@type\":\"EntryPoint\",\"urlTemplate\":\"https:\/\/penovyraj.sk\/cz\/?s={search_term_string}\"},\"query-input\":{\"@type\":\"PropertyValueSpecification\",\"valueRequired\":true,\"valueName\":\"search_term_string\"}}],\"inLanguage\":\"cs\"}]}<\/script>\n<!-- \/ Yoast SEO plugin. -->","yoast_head_json":{"title":"nov\u00fd z\u00e1kazn\u00edk - P\u011bnov\u00fd r\u00e1j","robots":{"index":"index","follow":"follow","max-snippet":"max-snippet:-1","max-image-preview":"max-image-preview:large","max-video-preview":"max-video-preview:-1"},"canonical":"https:\/\/penovyraj.sk\/cz\/novy-zakaznik\/","og_locale":"cs_CZ","og_type":"article","og_title":"nov\u00fd z\u00e1kazn\u00edk - P\u011bnov\u00fd r\u00e1j","og_url":"https:\/\/penovyraj.sk\/cz\/novy-zakaznik\/","og_site_name":"P\u011bnov\u00fd r\u00e1j","article_publisher":"https:\/\/www.facebook.com\/penovyrajSLOVAK\/","article_modified_time":"2025-01-16T13:33:38+00:00","og_image":[{"width":1200,"height":628,"url":"https:\/\/penovyraj.sk\/cz\/wp-content\/uploads\/sites\/3\/2018\/01\/facebook.jpg","type":"image\/jpeg"}],"twitter_card":"summary_large_image","twitter_misc":{"Odhadovan\u00e1 doba \u010dten\u00ed":"1 minuta"},"schema":{"@context":"https:\/\/schema.org","@graph":[{"@type":"WebPage","@id":"https:\/\/penovyraj.sk\/cz\/novy-zakaznik\/","url":"https:\/\/penovyraj.sk\/cz\/novy-zakaznik\/","name":"nov\u00fd z\u00e1kazn\u00edk - P\u011bnov\u00fd r\u00e1j","isPartOf":{"@id":"https:\/\/penovyraj.sk\/cz\/#website"},"datePublished":"2020-11-14T22:55:22+00:00","dateModified":"2025-01-16T13:33:38+00:00","breadcrumb":{"@id":"https:\/\/penovyraj.sk\/cz\/novy-zakaznik\/#breadcrumb"},"inLanguage":"cs","potentialAction":[{"@type":"ReadAction","target":["https:\/\/penovyraj.sk\/cz\/novy-zakaznik\/"]}]},{"@type":"BreadcrumbList","@id":"https:\/\/penovyraj.sk\/cz\/novy-zakaznik\/#breadcrumb","itemListElement":[{"@type":"ListItem","position":1,"name":"Home","item":"https:\/\/penovyraj.sk\/cz\/"},{"@type":"ListItem","position":2,"name":"nov\u00fd z\u00e1kazn\u00edk"}]},{"@type":"WebSite","@id":"https:\/\/penovyraj.sk\/cz\/#website","url":"https:\/\/penovyraj.sk\/cz\/","name":"P\u011bnov\u00fd r\u00e1j","description":"samoobslu\u017en\u00ed mic\u00ed linka","potentialAction":[{"@type":"SearchAction","target":{"@type":"EntryPoint","urlTemplate":"https:\/\/penovyraj.sk\/cz\/?s={search_term_string}"},"query-input":{"@type":"PropertyValueSpecification","valueRequired":true,"valueName":"search_term_string"}}],"inLanguage":"cs"}]}},"_links":{"self":[{"href":"https:\/\/penovyraj.sk\/cz\/wp-json\/wp\/v2\/pages\/263","targetHints":{"allow":["GET"]}}],"collection":[{"href":"https:\/\/penovyraj.sk\/cz\/wp-json\/wp\/v2\/pages"}],"about":[{"href":"https:\/\/penovyraj.sk\/cz\/wp-json\/wp\/v2\/types\/page"}],"author":[{"embeddable":true,"href":"https:\/\/penovyraj.sk\/cz\/wp-json\/wp\/v2\/users\/1"}],"replies":[{"embeddable":true,"href":"https:\/\/penovyraj.sk\/cz\/wp-json\/wp\/v2\/comments?post=263"}],"version-history":[{"count":12,"href":"https:\/\/penovyraj.sk\/cz\/wp-json\/wp\/v2\/pages\/263\/revisions"}],"predecessor-version":[{"id":1107,"href":"https:\/\/penovyraj.sk\/cz\/wp-json\/wp\/v2\/pages\/263\/revisions\/1107"}],"wp:attachment":[{"href":"https:\/\/penovyraj.sk\/cz\/wp-json\/wp\/v2\/media?parent=263"}],"curies":[{"name":"wp","href":"https:\/\/api.w.org\/{rel}","templated":true}]}}